{"id":119,"date":"2024-09-23T15:34:46","date_gmt":"2024-09-23T13:34:46","guid":{"rendered":"https:\/\/amisof.org\/?page_id=119"},"modified":"2026-03-24T15:58:17","modified_gmt":"2026-03-24T14:58:17","slug":"appel-a-candidatures","status":"publish","type":"page","link":"https:\/\/amisof.org\/index.php\/appel-a-candidatures\/","title":{"rendered":"Appel \u00e0 candidatures, dotations 2026"},"content":{"rendered":"\n<div class=\"wp-block-group alignfull has-contrast-color has-text-color has-link-color wp-elements-570a8191feac3e7c9e8d9f055bb86037 is-layout-constrained wp-container-core-group-is-layout-23b1a4dc wp-block-group-is-layout-constrained\" style=\"padding-top:var(--wp--preset--spacing--30);padding-right:var(--wp--preset--spacing--30);padding-bottom:var(--wp--preset--spacing--30);padding-left:var(--wp--preset--spacing--30)\">\n<div class=\"wp-block-group alignwide is-content-justification-space-between is-layout-flex wp-container-core-group-is-layout-b585a4aa wp-block-group-is-layout-flex\">\n<div class=\"wp-block-group is-layout-flex wp-container-core-group-is-layout-7a92790e wp-block-group-is-layout-flex\"><div class=\"is-default-size wp-block-site-logo\"><a href=\"https:\/\/amisof.org\/\" class=\"custom-logo-link\" rel=\"home\"><img loading=\"lazy\" decoding=\"async\" width=\"3994\" height=\"3999\" src=\"https:\/\/amisof.org\/wp-content\/uploads\/2024\/09\/logo-transparent-png.png\" class=\"custom-logo\" alt=\"Association AMISOF\" srcset=\"https:\/\/amisof.org\/wp-content\/uploads\/2024\/09\/logo-transparent-png.png 3994w, https:\/\/amisof.org\/wp-content\/uploads\/2024\/09\/logo-transparent-png-300x300.png 300w, https:\/\/amisof.org\/wp-content\/uploads\/2024\/09\/logo-transparent-png-1024x1024.png 1024w, https:\/\/amisof.org\/wp-content\/uploads\/2024\/09\/logo-transparent-png-150x150.png 150w, https:\/\/amisof.org\/wp-content\/uploads\/2024\/09\/logo-transparent-png-768x769.png 768w, https:\/\/amisof.org\/wp-content\/uploads\/2024\/09\/logo-transparent-png-1534x1536.png 1534w, https:\/\/amisof.org\/wp-content\/uploads\/2024\/09\/logo-transparent-png-2045x2048.png 2045w\" sizes=\"auto, (max-width: 3994px) 100vw, 3994px\" \/><\/a><\/div>\n\n\n<div class=\"wp-block-group is-vertical is-layout-flex wp-container-core-group-is-layout-30a70405 wp-block-group-is-layout-flex\"><h1 class=\"has-link-color wp-elements-d6202aa7d337f2ce08aedc8ed261a84e wp-block-site-title\"><a href=\"https:\/\/amisof.org\" target=\"_self\" rel=\"home\">Association AMISOF<\/a><\/h1>\n\n<p class=\"wp-block-site-tagline has-small-font-size\">Financement d&#039;actions sociales<\/p><\/div>\n<\/div>\n\n\n<nav class=\"is-responsive wp-block-navigation is-layout-flex wp-block-navigation-is-layout-flex\" aria-label=\"Navigation\" \n\t\t data-wp-interactive=\"core\/navigation\" data-wp-context='{\"overlayOpenedBy\":{\"click\":false,\"hover\":false,\"focus\":false},\"type\":\"overlay\",\"roleAttribute\":\"\",\"ariaLabel\":\"Menu\"}'><button aria-haspopup=\"dialog\" aria-label=\"Ouvrir le menu\" class=\"wp-block-navigation__responsive-container-open\" \n\t\t\t\tdata-wp-on--click=\"actions.openMenuOnClick\"\n\t\t\t\tdata-wp-on--keydown=\"actions.handleMenuKeydown\"\n\t\t\t><svg width=\"24\" height=\"24\" xmlns=\"http:\/\/www.w3.org\/2000\/svg\" viewBox=\"0 0 24 24\" aria-hidden=\"true\" focusable=\"false\"><path d=\"M4 7.5h16v1.5H4z\"><\/path><path d=\"M4 15h16v1.5H4z\"><\/path><\/svg><\/button>\n\t\t\t\t<div class=\"wp-block-navigation__responsive-container\"  id=\"modal-1\" \n\t\t\t\tdata-wp-class--has-modal-open=\"state.isMenuOpen\"\n\t\t\t\tdata-wp-class--is-menu-open=\"state.isMenuOpen\"\n\t\t\t\tdata-wp-watch=\"callbacks.initMenu\"\n\t\t\t\tdata-wp-on--keydown=\"actions.handleMenuKeydown\"\n\t\t\t\tdata-wp-on--focusout=\"actions.handleMenuFocusout\"\n\t\t\t\ttabindex=\"-1\"\n\t\t\t>\n\t\t\t\t\t<div class=\"wp-block-navigation__responsive-close\" tabindex=\"-1\">\n\t\t\t\t\t\t<div class=\"wp-block-navigation__responsive-dialog\" \n\t\t\t\tdata-wp-bind--aria-modal=\"state.ariaModal\"\n\t\t\t\tdata-wp-bind--aria-label=\"state.ariaLabel\"\n\t\t\t\tdata-wp-bind--role=\"state.roleAttribute\"\n\t\t\t>\n\t\t\t\t\t\t\t<button aria-label=\"Fermer le menu\" class=\"wp-block-navigation__responsive-container-close\" \n\t\t\t\tdata-wp-on--click=\"actions.closeMenuOnClick\"\n\t\t\t><svg xmlns=\"http:\/\/www.w3.org\/2000\/svg\" viewBox=\"0 0 24 24\" width=\"24\" height=\"24\" aria-hidden=\"true\" focusable=\"false\"><path d=\"m13.06 12 6.47-6.47-1.06-1.06L12 10.94 5.53 4.47 4.47 5.53 10.94 12l-6.47 6.47 1.06 1.06L12 13.06l6.47 6.47 1.06-1.06L13.06 12Z\"><\/path><\/svg><\/button>\n\t\t\t\t\t\t\t<div class=\"wp-block-navigation__responsive-container-content\" \n\t\t\t\tdata-wp-watch=\"callbacks.focusFirstElement\"\n\t\t\t id=\"modal-1-content\">\n\t\t\t\t\t\t\t\t<ul class=\"wp-block-navigation__container is-responsive wp-block-navigation\"><ul class=\"wp-block-page-list\"><li class=\"wp-block-pages-list__item wp-block-navigation-item open-on-hover-click menu-item-home\"><a class=\"wp-block-pages-list__item__link wp-block-navigation-item__content\" href=\"https:\/\/amisof.org\/\">Accueil<\/a><\/li><li class=\"wp-block-pages-list__item wp-block-navigation-item open-on-hover-click\"><a class=\"wp-block-pages-list__item__link wp-block-navigation-item__content\" href=\"https:\/\/amisof.org\/index.php\/appel-a-candidatures\/\">Appel \u00e0 candidatures, dotations 2026<\/a><\/li><li class=\"wp-block-pages-list__item wp-block-navigation-item open-on-hover-click\"><a class=\"wp-block-pages-list__item__link wp-block-navigation-item__content\" href=\"https:\/\/amisof.org\/index.php\/dotations-2025\/\">Dotations<\/a><\/li><li class=\"wp-block-pages-list__item wp-block-navigation-item open-on-hover-click\"><a class=\"wp-block-pages-list__item__link wp-block-navigation-item__content\" href=\"https:\/\/amisof.org\/index.php\/mentions-legales\/\">Mentions l\u00e9gales<\/a><\/li><li class=\"wp-block-pages-list__item wp-block-navigation-item open-on-hover-click\"><a class=\"wp-block-pages-list__item__link wp-block-navigation-item__content\" href=\"https:\/\/amisof.org\/index.php\/qui-sommes-nous\/\">Qui sommes nous ?<\/a><\/li><\/ul><\/ul>\n\t\t\t\t\t\t\t<\/div>\n\t\t\t\t\t\t<\/div>\n\t\t\t\t\t<\/div>\n\t\t\t\t<\/div><\/nav><\/div>\n<\/div>\n\n\n\n<p class=\"has-text-align-center\"><strong>L&rsquo;appel \u00e0 candidatures pour la dotation 2026 est maintenant termin\u00e9. Le prochain est pr\u00e9vu \u00e0 l&rsquo;automne.<\/strong><\/p>\n\n\n\n<hr class=\"wp-block-separator has-alpha-channel-opacity is-style-wide\" style=\"margin-top:var(--wp--preset--spacing--20);margin-bottom:var(--wp--preset--spacing--20)\"\/>\n\n\n\n<h2 class=\"wp-block-heading has-text-align-center\">APPEL A CANDIDATURES POUR LES DOTATIONS 2026<\/h2>\n\n\n\n<p>Le th\u00e8me de l\u2019appel est&nbsp;: \u00ab&nbsp; Pour une meilleure int\u00e9gration des plus faibles.&nbsp;\u00bb<\/p>\n\n\n\n<p>L\u2019Association soutiendra des actions s\u2019inscrivant plus particuli\u00e8rement dans les th\u00e8mes suivants&nbsp;:<\/p>\n\n\n\n<ul class=\"wp-block-list\">\n<li>Le soutien mat\u00e9riel aux personnes fragiles et pr\u00e9caires (alimentation, h\u00e9bergement, logement, etc.).<\/li>\n\n\n\n<li>L\u2019am\u00e9lioration de l\u2019acc\u00e8s aux droits, \u00e0 la sant\u00e9, \u00e0 l\u2019\u00e9ducation, \u00e0 la culture, au travail, \u00e0 la formation, \u00e0 la lutte contre l\u2019illettrisme, aux transports et \u00e0 tous domaines pouvant contribuer aux objectifs g\u00e9n\u00e9raux d\u2019assistance.<\/li>\n\n\n\n<li>L\u2019am\u00e9lioration de l\u2019acc\u00e8s aux services administratifs essentiels, y compris par la lutte contre l\u2019illettrisme num\u00e9rique.<\/li>\n\n\n\n<li>L\u2019am\u00e9lioration des capacit\u00e9s d\u2019insertion (langue, lecture, culture, etc.).<\/li>\n\n\n\n<li>La lutte contre l\u2019isolement.<\/li>\n\n\n\n<li>Enfin, et de mani\u00e8re g\u00e9n\u00e9rale, toute action visant \u00e0 favoriser l\u2019int\u00e9gration des personnes les plus faibles et d\u00e9munies.<\/li>\n<\/ul>\n\n\n\n<p><strong>La notion de projets recouvre ici aussi bien des projets nouveaux que des actions en cours de mise en \u0153uvre<\/strong>.<\/p>\n\n\n\n<h3 class=\"wp-block-heading\">Qui est \u00e9ligible&nbsp;?<\/h3>\n\n\n\n<p>L\u2019appel \u00e0 projets s\u2019adresse aux structures et associations&nbsp;:<\/p>\n\n\n\n<ul class=\"wp-block-list\">\n<li>D\u2019int\u00e9r\u00eat g\u00e9n\u00e9ral \u00e0 but non lucratif,<\/li>\n\n\n\n<li>Ayant plus d\u2019une ann\u00e9e d\u2019existence,<\/li>\n\n\n\n<li>Exer\u00e7ant sur le territoire m\u00e9tropolitain.<\/li>\n<\/ul>\n\n\n\n<h3 class=\"wp-block-heading\">Crit\u00e8res de s\u00e9lection<\/h3>\n\n\n\n<p>Tous les dossiers \u00e9manant de structures \u00e9ligibles et s\u2019inscrivant dans les th\u00e8mes pr\u00e9vus seront examin\u00e9s. Seront toutefois particuli\u00e8rement pris en compte les \u00e9l\u00e9ments suivants&nbsp;:<\/p>\n\n\n\n<ul class=\"wp-block-list\">\n<li>La faisabilit\u00e9 et la viabilit\u00e9 des actions.<\/li>\n\n\n\n<li>L\u2019efficacit\u00e9 globale des actions vis-\u00e0-vis des crit\u00e8res d\u2019int\u00e9gration.<\/li>\n\n\n\n<li>La taille de la structure.<\/li>\n\n\n\n<li>La solidit\u00e9 g\u00e9n\u00e9rale du dossier.<\/li>\n<\/ul>\n\n\n\n<h3 class=\"wp-block-heading\">Forme de l\u2019aide<\/h3>\n\n\n\n<p>L\u2019Association soutien des actions qui auront lieu au cours de l\u2019ann\u00e9e 2026.<\/p>\n\n\n\n<p>L\u2019enveloppe allou\u00e9e pour chaque action retenue ira de 1.000 \u00e0 5.000 \u20ac en fonction des besoins exprim\u00e9s.<\/p>\n\n\n\n<p>L&rsquo;aide sera vers\u00e9e \u00e0 l\u2019issue de l&rsquo;examen des candidatures qui doit se terminer le 31 janvier 2026 et apr\u00e8s la signature de la convention de financement.<\/p>\n\n\n\n<h3 class=\"wp-block-heading\">Contenu du dossier de s\u00e9lection<\/h3>\n\n\n\n<p>Conscient des lourdeurs engendr\u00e9es par les multiples appels \u00e0 projets, nous nous sommes efforc\u00e9s de proposer un dossier aussi simple que possible, m\u00eame si les contraintes l\u00e9gales l\u2019alourdissent immanquablement.<\/p>\n\n\n\n<p>Le dossier devra contenir&nbsp;:<\/p>\n\n\n\n<ul class=\"wp-block-list\">\n<li>D\u00e9claration de cr\u00e9ation, de modification au JO.<\/li>\n\n\n\n<li>Copie des statuts.<\/li>\n\n\n\n<li>Copie des \u00e9tats financiers des deux derniers exercices (ou du dernier si l\u2019association a moins de 2 ans).<\/li>\n\n\n\n<li>Rapport d\u2019activit\u00e9 de l\u2019ann\u00e9e pr\u00e9c\u00e9dente (\u00e0 d\u00e9faut PV de la derni\u00e8re Assembl\u00e9e g\u00e9n\u00e9rale).<\/li>\n\n\n\n<li>Formulaire de candidature \u00e0 t\u00e9l\u00e9charger ici (<strong><span class=\"popup-trigger popmake-212 \" data-popup-id=\"212\" data-do-default=\"0\">cliquez pour ouvrir la page de t\u00e9l\u00e9chargement<\/span><\/strong>).<\/li>\n\n\n\n<li>La charte des B\u00e9n\u00e9ficiaires sign\u00e9e \u00e0 t\u00e9l\u00e9charger ici (<strong><span class=\"popup-trigger popmake-212\" data-popup-id=\"212\" data-do-default=\"0\">cliquez pour ouvrir la page de t\u00e9l\u00e9chargement<\/span><\/strong>).<\/li>\n<\/ul>\n\n\n\n<p>Il sera envoy\u00e9 par mail exclusivement \u00e0&nbsp;: <span class=\"popup-trigger popmake-190\" data-popup-id=\"190\" data-do-default=\"0\"><strong>cliquez pour voir l&rsquo;adresse<\/strong><\/span><\/p>\n\n\n\n<p>La date limite est fix\u00e9e au <strong>31 D\u00e9cembre 2025<\/strong>.<\/p>\n\n\n\n<h3 class=\"wp-block-heading\">Pr\u00e9s\u00e9lection et information des candidats<\/h3>\n\n\n\n<p>Les candidats seront inform\u00e9s au plus tard deux semaines apr\u00e8s r\u00e9ception de la s\u00e9lection du projet pour examen ou de son rejet li\u00e9 \u00e0 une non conformit\u00e9, qu\u2019elle soit formelle ou porte sur le fond.<\/p>\n\n\n\n<p>Au cours de cette phase, l\u2019Association pourra prendre contact directement avec les associations candidates en vue d\u2019obtenir les \u00e9ventuelles pr\u00e9cisions que les membres du comit\u00e9 de s\u00e9lection jugeront n\u00e9cessaires.<\/p>\n\n\n\n<h3 class=\"wp-block-heading\">Validation du projet par le comit\u00e9 de s\u00e9lection<\/h3>\n\n\n\n<p>Les dossiers s\u00e9lectionn\u00e9s seront examin\u00e9s par le comit\u00e9 de s\u00e9lection de janvier 2026.<\/p>\n\n\n\n<p>Laur\u00e9ats et non laur\u00e9ats seront inform\u00e9s par mail au plus tard le 31 janvier 2026.<\/p>\n\n\n\n<p>On peut t\u00e9l\u00e9charger ce document ici (<strong><span class=\"popup-trigger popmake-212 \" data-popup-id=\"212\" data-do-default=\"0\">cliquez pour ouvrir la page de t\u00e9l\u00e9chargement<\/span><\/strong>).<\/p>\n\n\n\n<hr class=\"wp-block-separator has-alpha-channel-opacity is-style-wide\" style=\"margin-top:var(--wp--preset--spacing--20);margin-bottom:var(--wp--preset--spacing--20)\"\/>\n\n\n\n<div class=\"wp-block-group alignfull has-background-color has-black-color has-cyan-bluish-gray-background-color has-text-color has-background has-link-color wp-elements-0c18ad0e75a8c667b1c36e82a325943e is-vertical is-content-justification-stretch is-layout-flex wp-container-core-group-is-layout-48a3dbfb wp-block-group-is-layout-flex\" style=\"min-height:40vh;margin-top:0;margin-bottom:0;padding-top:var(--wp--preset--spacing--60);padding-right:var(--wp--preset--spacing--40);padding-bottom:var(--wp--preset--spacing--60);padding-left:var(--wp--preset--spacing--40)\">\n<div class=\"wp-block-columns alignwide has-small-font-size is-layout-flex wp-container-core-columns-is-layout-28f84493 wp-block-columns-is-layout-flex\">\n<div class=\"wp-block-column is-layout-flow wp-block-column-is-layout-flow\">\n<p class=\"has-text-align-center\">Adresse<\/p>\n\n\n\n<p class=\"has-text-align-center\">26, rue E. Marcel&nbsp;<br>75002 Paris<\/p>\n\n\n\n<div style=\"height:24px\" aria-hidden=\"true\" class=\"wp-block-spacer\"><\/div>\n<\/div>\n\n\n\n<div class=\"wp-block-column is-layout-flow wp-block-column-is-layout-flow\">\n<p class=\"has-text-align-center\">Navigation<\/p>\n\n\n<nav class=\"has-small-font-size items-justified-center is-vertical no-wrap wp-block-navigation is-content-justification-center is-nowrap is-layout-flex wp-container-core-navigation-is-layout-34a3ecb2 wp-block-navigation-is-layout-flex\" aria-label=\"Navigation 2\"><ul class=\"wp-block-navigation__container has-small-font-size items-justified-center is-vertical no-wrap wp-block-navigation has-small-font-size\"><ul class=\"has-small-font-size wp-block-page-list\"><li class=\"wp-block-pages-list__item wp-block-navigation-item open-on-hover-click menu-item-home\"><a class=\"wp-block-pages-list__item__link wp-block-navigation-item__content\" href=\"https:\/\/amisof.org\/\">Accueil<\/a><\/li><li class=\"wp-block-pages-list__item wp-block-navigation-item open-on-hover-click\"><a class=\"wp-block-pages-list__item__link wp-block-navigation-item__content\" href=\"https:\/\/amisof.org\/index.php\/appel-a-candidatures\/\">Appel \u00e0 candidatures, dotations 2026<\/a><\/li><li class=\"wp-block-pages-list__item wp-block-navigation-item open-on-hover-click\"><a class=\"wp-block-pages-list__item__link wp-block-navigation-item__content\" href=\"https:\/\/amisof.org\/index.php\/dotations-2025\/\">Dotations<\/a><\/li><li class=\"wp-block-pages-list__item wp-block-navigation-item open-on-hover-click\"><a class=\"wp-block-pages-list__item__link wp-block-navigation-item__content\" href=\"https:\/\/amisof.org\/index.php\/mentions-legales\/\">Mentions l\u00e9gales<\/a><\/li><li class=\"wp-block-pages-list__item wp-block-navigation-item open-on-hover-click\"><a class=\"wp-block-pages-list__item__link wp-block-navigation-item__content\" href=\"https:\/\/amisof.org\/index.php\/qui-sommes-nous\/\">Qui sommes nous ?<\/a><\/li><\/ul><\/ul><\/nav><\/div>\n\n\n\n<div class=\"wp-block-column is-layout-flow wp-block-column-is-layout-flow\">\n<p class=\"has-text-align-center\">Informations l\u00e9gales<\/p>\n\n\n\n<div class=\"wp-block-group is-vertical is-content-justification-center is-layout-flex wp-container-core-group-is-layout-0e868306 wp-block-group-is-layout-flex\">\n<p><a href=\"#\"><span class=\"popup-trigger popmake-190 \" data-popup-id=\"190\" data-do-default=\"0\">Contact<\/span><\/a><\/p>\n<\/div>\n<\/div>\n<\/div>\n<\/div>\n\n\n\n<p><\/p>\n","protected":false},"excerpt":{"rendered":"<p>L&rsquo;appel \u00e0 candidatures pour la dotation 2026 est maintenant termin\u00e9. Le prochain est pr\u00e9vu \u00e0 l&rsquo;automne. APPEL A CANDIDATURES POUR [&hellip;]<\/p>\n","protected":false},"author":1,"featured_media":0,"parent":0,"menu_order":0,"comment_status":"closed","ping_status":"closed","template":"","meta":{"site-sidebar-layout":"default","site-content-layout":"","ast-site-content-layout":"default","site-content-style":"default","site-sidebar-style":"default","ast-global-header-display":"","ast-banner-title-visibility":"","ast-main-header-display":"","ast-hfb-above-header-display":"","ast-hfb-below-header-display":"","ast-hfb-mobile-header-display":"","site-post-title":"disabled","ast-breadcrumbs-content":"","ast-featured-img":"","footer-sml-layout":"","ast-disable-related-posts":"","theme-transparent-header-meta":"","adv-header-id-meta":"","stick-header-meta":"","header-above-stick-meta":"","header-main-stick-meta":"","header-below-stick-meta":"","astra-migrate-meta-layouts":"default","ast-page-background-enabled":"default","ast-page-background-meta":{"desktop":{"background-color":"var(--ast-global-color-4)","background-image":"","background-repeat":"repeat","background-position":"center center","background-size":"auto","background-attachment":"scroll","background-type":"","background-media":"","overlay-type":"","overlay-color":"","overlay-opacity":"","overlay-gradient":""},"tablet":{"background-color":"","background-image":"","background-repeat":"repeat","background-position":"center center","background-size":"auto","background-attachment":"scroll","background-type":"","background-media":"","overlay-type":"","overlay-color":"","overlay-opacity":"","overlay-gradient":""},"mobile":{"background-color":"","background-image":"","background-repeat":"repeat","background-position":"center center","background-size":"auto","background-attachment":"scroll","background-type":"","background-media":"","overlay-type":"","overlay-color":"","overlay-opacity":"","overlay-gradient":""}},"ast-content-background-meta":{"desktop":{"background-color":"var(--ast-global-color-5)","background-image":"","background-repeat":"repeat","background-position":"center center","background-size":"auto","background-attachment":"scroll","background-type":"","background-media":"","overlay-type":"","overlay-color":"","overlay-opacity":"","overlay-gradient":""},"tablet":{"background-color":"var(--ast-global-color-5)","background-image":"","background-repeat":"repeat","background-position":"center center","background-size":"auto","background-attachment":"scroll","background-type":"","background-media":"","overlay-type":"","overlay-color":"","overlay-opacity":"","overlay-gradient":""},"mobile":{"background-color":"var(--ast-global-color-5)","background-image":"","background-repeat":"repeat","background-position":"center center","background-size":"auto","background-attachment":"scroll","background-type":"","background-media":"","overlay-type":"","overlay-color":"","overlay-opacity":"","overlay-gradient":""}},"footnotes":""},"class_list":["post-119","page","type-page","status-publish","hentry"],"aioseo_notices":[],"_links":{"self":[{"href":"https:\/\/amisof.org\/index.php\/wp-json\/wp\/v2\/pages\/119","targetHints":{"allow":["GET"]}}],"collection":[{"href":"https:\/\/amisof.org\/index.php\/wp-json\/wp\/v2\/pages"}],"about":[{"href":"https:\/\/amisof.org\/index.php\/wp-json\/wp\/v2\/types\/page"}],"author":[{"embeddable":true,"href":"https:\/\/amisof.org\/index.php\/wp-json\/wp\/v2\/users\/1"}],"replies":[{"embeddable":true,"href":"https:\/\/amisof.org\/index.php\/wp-json\/wp\/v2\/comments?post=119"}],"version-history":[{"count":34,"href":"https:\/\/amisof.org\/index.php\/wp-json\/wp\/v2\/pages\/119\/revisions"}],"predecessor-version":[{"id":519,"href":"https:\/\/amisof.org\/index.php\/wp-json\/wp\/v2\/pages\/119\/revisions\/519"}],"wp:attachment":[{"href":"https:\/\/amisof.org\/index.php\/wp-json\/wp\/v2\/media?parent=119"}],"curies":[{"name":"wp","href":"https:\/\/api.w.org\/{rel}","templated":true}]}}