{"id":124,"date":"2024-09-23T16:13:18","date_gmt":"2024-09-23T14:13:18","guid":{"rendered":"https:\/\/amisof.org\/?page_id=124"},"modified":"2025-10-13T11:49:18","modified_gmt":"2025-10-13T09:49:18","slug":"qui-sommes-nous","status":"publish","type":"page","link":"https:\/\/amisof.org\/index.php\/qui-sommes-nous\/","title":{"rendered":"Qui sommes nous ?"},"content":{"rendered":"\n<div class=\"wp-block-group alignfull has-contrast-color has-text-color has-link-color wp-elements-570a8191feac3e7c9e8d9f055bb86037 is-layout-constrained wp-container-core-group-is-layout-23b1a4dc wp-block-group-is-layout-constrained\" style=\"padding-top:var(--wp--preset--spacing--30);padding-right:var(--wp--preset--spacing--30);padding-bottom:var(--wp--preset--spacing--30);padding-left:var(--wp--preset--spacing--30)\">\n<div class=\"wp-block-group alignwide is-content-justification-space-between is-layout-flex wp-container-core-group-is-layout-b585a4aa wp-block-group-is-layout-flex\">\n<div class=\"wp-block-group is-layout-flex wp-container-core-group-is-layout-7a92790e wp-block-group-is-layout-flex\"><div class=\"is-default-size wp-block-site-logo\"><a href=\"https:\/\/amisof.org\/\" class=\"custom-logo-link\" rel=\"home\"><img loading=\"lazy\" decoding=\"async\" width=\"3994\" height=\"3999\" src=\"https:\/\/amisof.org\/wp-content\/uploads\/2024\/09\/logo-transparent-png.png\" class=\"custom-logo\" alt=\"Association AMISOF\" srcset=\"https:\/\/amisof.org\/wp-content\/uploads\/2024\/09\/logo-transparent-png.png 3994w, https:\/\/amisof.org\/wp-content\/uploads\/2024\/09\/logo-transparent-png-300x300.png 300w, https:\/\/amisof.org\/wp-content\/uploads\/2024\/09\/logo-transparent-png-1024x1024.png 1024w, https:\/\/amisof.org\/wp-content\/uploads\/2024\/09\/logo-transparent-png-150x150.png 150w, https:\/\/amisof.org\/wp-content\/uploads\/2024\/09\/logo-transparent-png-768x769.png 768w, https:\/\/amisof.org\/wp-content\/uploads\/2024\/09\/logo-transparent-png-1534x1536.png 1534w, https:\/\/amisof.org\/wp-content\/uploads\/2024\/09\/logo-transparent-png-2045x2048.png 2045w\" sizes=\"auto, (max-width: 3994px) 100vw, 3994px\" \/><\/a><\/div>\n\n\n<div class=\"wp-block-group is-vertical is-layout-flex wp-container-core-group-is-layout-30a70405 wp-block-group-is-layout-flex\"><h1 class=\"has-link-color wp-elements-d6202aa7d337f2ce08aedc8ed261a84e wp-block-site-title\"><a href=\"https:\/\/amisof.org\" target=\"_self\" rel=\"home\">Association AMISOF<\/a><\/h1>\n\n<p class=\"wp-block-site-tagline has-small-font-size\">Financement d&#039;actions sociales<\/p><\/div>\n<\/div>\n\n\n<nav class=\"is-responsive wp-block-navigation is-layout-flex wp-block-navigation-is-layout-flex\" aria-label=\"Navigation\" \n\t\t data-wp-interactive=\"core\/navigation\" data-wp-context='{\"overlayOpenedBy\":{\"click\":false,\"hover\":false,\"focus\":false},\"type\":\"overlay\",\"roleAttribute\":\"\",\"ariaLabel\":\"Menu\"}'><button aria-haspopup=\"dialog\" aria-label=\"Ouvrir le menu\" class=\"wp-block-navigation__responsive-container-open\" \n\t\t\t\tdata-wp-on--click=\"actions.openMenuOnClick\"\n\t\t\t\tdata-wp-on--keydown=\"actions.handleMenuKeydown\"\n\t\t\t><svg width=\"24\" height=\"24\" xmlns=\"http:\/\/www.w3.org\/2000\/svg\" viewBox=\"0 0 24 24\" aria-hidden=\"true\" focusable=\"false\"><path d=\"M4 7.5h16v1.5H4z\"><\/path><path d=\"M4 15h16v1.5H4z\"><\/path><\/svg><\/button>\n\t\t\t\t<div class=\"wp-block-navigation__responsive-container\"  id=\"modal-1\" \n\t\t\t\tdata-wp-class--has-modal-open=\"state.isMenuOpen\"\n\t\t\t\tdata-wp-class--is-menu-open=\"state.isMenuOpen\"\n\t\t\t\tdata-wp-watch=\"callbacks.initMenu\"\n\t\t\t\tdata-wp-on--keydown=\"actions.handleMenuKeydown\"\n\t\t\t\tdata-wp-on--focusout=\"actions.handleMenuFocusout\"\n\t\t\t\ttabindex=\"-1\"\n\t\t\t>\n\t\t\t\t\t<div class=\"wp-block-navigation__responsive-close\" tabindex=\"-1\">\n\t\t\t\t\t\t<div class=\"wp-block-navigation__responsive-dialog\" \n\t\t\t\tdata-wp-bind--aria-modal=\"state.ariaModal\"\n\t\t\t\tdata-wp-bind--aria-label=\"state.ariaLabel\"\n\t\t\t\tdata-wp-bind--role=\"state.roleAttribute\"\n\t\t\t>\n\t\t\t\t\t\t\t<button aria-label=\"Fermer le menu\" class=\"wp-block-navigation__responsive-container-close\" \n\t\t\t\tdata-wp-on--click=\"actions.closeMenuOnClick\"\n\t\t\t><svg xmlns=\"http:\/\/www.w3.org\/2000\/svg\" viewBox=\"0 0 24 24\" width=\"24\" height=\"24\" aria-hidden=\"true\" focusable=\"false\"><path d=\"m13.06 12 6.47-6.47-1.06-1.06L12 10.94 5.53 4.47 4.47 5.53 10.94 12l-6.47 6.47 1.06 1.06L12 13.06l6.47 6.47 1.06-1.06L13.06 12Z\"><\/path><\/svg><\/button>\n\t\t\t\t\t\t\t<div class=\"wp-block-navigation__responsive-container-content\" \n\t\t\t\tdata-wp-watch=\"callbacks.focusFirstElement\"\n\t\t\t id=\"modal-1-content\">\n\t\t\t\t\t\t\t\t<ul class=\"wp-block-navigation__container is-responsive wp-block-navigation\"><ul class=\"wp-block-page-list\"><li class=\"wp-block-pages-list__item wp-block-navigation-item open-on-hover-click menu-item-home\"><a class=\"wp-block-pages-list__item__link wp-block-navigation-item__content\" href=\"https:\/\/amisof.org\/\">Accueil<\/a><\/li><li class=\"wp-block-pages-list__item wp-block-navigation-item open-on-hover-click\"><a class=\"wp-block-pages-list__item__link wp-block-navigation-item__content\" href=\"https:\/\/amisof.org\/index.php\/appel-a-candidatures\/\">Appel \u00e0 candidatures, dotations 2026<\/a><\/li><li class=\"wp-block-pages-list__item wp-block-navigation-item open-on-hover-click\"><a class=\"wp-block-pages-list__item__link wp-block-navigation-item__content\" href=\"https:\/\/amisof.org\/index.php\/dotations-2025\/\">Dotations<\/a><\/li><li class=\"wp-block-pages-list__item wp-block-navigation-item open-on-hover-click\"><a class=\"wp-block-pages-list__item__link wp-block-navigation-item__content\" href=\"https:\/\/amisof.org\/index.php\/mentions-legales\/\">Mentions l\u00e9gales<\/a><\/li><li class=\"wp-block-pages-list__item wp-block-navigation-item open-on-hover-click\"><a class=\"wp-block-pages-list__item__link wp-block-navigation-item__content\" href=\"https:\/\/amisof.org\/index.php\/qui-sommes-nous\/\">Qui sommes nous ?<\/a><\/li><\/ul><\/ul>\n\t\t\t\t\t\t\t<\/div>\n\t\t\t\t\t\t<\/div>\n\t\t\t\t\t<\/div>\n\t\t\t\t<\/div><\/nav><\/div>\n<\/div>\n\n\n\n<hr class=\"wp-block-separator has-alpha-channel-opacity is-style-wide\" style=\"margin-top:var(--wp--preset--spacing--20);margin-bottom:var(--wp--preset--spacing--20)\"\/>\n\n\n\n<h2 class=\"wp-block-heading has-text-align-center\"><mark style=\"background-color:rgba(0, 0, 0, 0)\" class=\"has-inline-color has-ast-global-color-8-color\">QUI SOMMES NOUS ?<\/mark><\/h2>\n\n\n\n<p>L&rsquo;association AMISOF est \u00e0 la base l&rsquo;\u00e9manation d&rsquo;un projet personnel. Il s&rsquo;est agit pour le fondateur d&rsquo;utiliser r\u00e9seaux et expertises pour mobiliser des donateurs \u00e0 destination des associations d&rsquo;int\u00e9r\u00eat g\u00e9n\u00e9ral. Sur la base d&rsquo;appels \u00e0 projets, l&rsquo;Association rassemble les demandes, s\u00e9lectionne les projets et organise les donations faites par ses membres. <br><br>L\u2019Association a pour objectif d\u2019aider et d\u2019apporter une assistance aux personnes en difficult\u00e9s, en luttant contre l\u2019exclusion par des actions d\u2019insertion, de cr\u00e9ation, de d\u00e9veloppement de projets, dans la vie sociale et l\u2019activit\u00e9 \u00e9conomique.<br><br>L\u2019Association est anim\u00e9e par un esprit de solidarit\u00e9 et d\u2019entraide dans l\u2019optique de permettre \u00e0 tous de pouvoir s\u2019\u00e9panouir tout en tenant compte de chaque besoin sp\u00e9cifique.<br><br>Pour r\u00e9aliser son objectif, l\u2019Association mettra tout en \u0153uvre pour tenter d\u2019apporter une aide au financement de projets \u00e0 finalit\u00e9s sociales, soit directement soit en cofinan\u00e7ant les projets avec d\u2019autres structures c\u2019est-\u00e0-dire des projets d\u2019int\u00e9r\u00eats collectifs visant \u00e0 r\u00e9pondre \u00e0 des besoins sp\u00e9cifiques r\u00e9pondant aux besoins de personnes n\u00e9cessiteuses, de minorit\u00e9s, d\u2019\u00e9trangers, des personnes handicap\u00e9s et de toutes personnes pouvant pr\u00e9senter un projet adapt\u00e9 \u00e0 la r\u00e9insertion sociale, culturelle, artistique et \u00e9ducative et ce sans limitation.<br><br>Le but de l\u2019Association est de lutter contre la pr\u00e9carit\u00e9, l\u2019exclusion et la pauvret\u00e9.<br><br>\u00c0 cette fin, l\u2019association peut exercer, entre autres, les activit\u00e9s suivantes :<\/p>\n\n\n\n<ul class=\"wp-block-list\">\n<li>Am\u00e9liorer l\u2019acc\u00e8s aux services essentiels (y-compris par la lutte contre l\u2019illettrisme num\u00e9rique).<\/li>\n\n\n\n<li>Am\u00e9liorer les capacit\u00e9s d\u2019insertion (langue, lecture, culture, etc.).<\/li>\n\n\n\n<li>Soutenir les personnes vuln\u00e9rables.<\/li>\n\n\n\n<li>Favoriser l\u2019int\u00e9gration sociale.<\/li>\n\n\n\n<li>Favoriser l\u2019acc\u00e8s au logement.<\/li>\n\n\n\n<li>Favoriser l\u2019acc\u00e8s aux droits, \u00e0 la sant\u00e9, \u00e0 l\u2019\u00e9ducation \u00e0 la culture, au travail, \u00e0 la formation, \u00e0 la lutte contre l\u2019illettrisme, aux transports et tous domaines pouvant contribuer aux objectifs g\u00e9n\u00e9raux d\u2019assistance.<\/li>\n\n\n\n<li>Organiser, promouvoir et soutenir tout projet en lien avec le but de l\u2019Association dans le respect d\u2019une dimension collective. L\u2019Association peut, \u00e0 cette fin, r\u00e9colter des fonds et les affecter \u00e0 ses activit\u00e9s.<\/li>\n\n\n\n<li>Organiser de fa\u00e7on ponctuelle dans l\u2019ann\u00e9e des manifestations culturelles, artisanales, ou commerciales dont les recettes seront enti\u00e8rement revers\u00e9es sous forme d\u2019aides exceptionnelles aux personnes en situation de fragilit\u00e9 ou aux associations partenaires d\u00e9sign\u00e9es par les administrateurs de l\u2019association et en g\u00e9n\u00e9ral toutes manifestations ayant pour but la mission d\u2019assistance et d\u2019entraide en lien avec son but associatif.<\/li>\n\n\n\n<li>Faire l\u2019acquisition de biens immobiliers n\u00e9cessaires \u00e0 son administration, \u00e0 la r\u00e9union de ses membres et \u00e0 l\u2019accomplissement du but poursuivi, \u00e0 ce titre elle pourra proc\u00e9der \u00e0 des emprunts immobiliers et mobiliers.<\/li>\n\n\n\n<li>En g\u00e9n\u00e9ral, toutes actions qui contribuent \u00e0 la r\u00e9alisation de l\u2019objet de l\u2019association.<\/li>\n<\/ul>\n\n\n\n<p><br>Les moyens d\u2019action ci-dessus \u00e9num\u00e9r\u00e9s sont indicatifs et non limitatifs.<\/p>\n\n\n\n<hr class=\"wp-block-separator has-alpha-channel-opacity is-style-wide\" style=\"margin-top:var(--wp--preset--spacing--20);margin-bottom:var(--wp--preset--spacing--20)\"\/>\n\n\n\n<div class=\"wp-block-group alignfull has-background-color has-black-color has-cyan-bluish-gray-background-color has-text-color has-background has-link-color wp-elements-0c18ad0e75a8c667b1c36e82a325943e is-vertical is-content-justification-stretch is-layout-flex wp-container-core-group-is-layout-48a3dbfb wp-block-group-is-layout-flex\" style=\"min-height:40vh;margin-top:0;margin-bottom:0;padding-top:var(--wp--preset--spacing--60);padding-right:var(--wp--preset--spacing--40);padding-bottom:var(--wp--preset--spacing--60);padding-left:var(--wp--preset--spacing--40)\">\n<div class=\"wp-block-columns alignwide has-small-font-size is-layout-flex wp-container-core-columns-is-layout-28f84493 wp-block-columns-is-layout-flex\">\n<div class=\"wp-block-column is-layout-flow wp-block-column-is-layout-flow\">\n<p class=\"has-text-align-center\">Adresse<\/p>\n\n\n\n<p class=\"has-text-align-center\">26, rue E. Marcel&nbsp;<br>75002 Paris<\/p>\n\n\n\n<div style=\"height:24px\" aria-hidden=\"true\" class=\"wp-block-spacer\"><\/div>\n<\/div>\n\n\n\n<div class=\"wp-block-column is-layout-flow wp-block-column-is-layout-flow\">\n<p class=\"has-text-align-center\">Navigation<\/p>\n\n\n<nav class=\"has-small-font-size items-justified-center is-vertical no-wrap wp-block-navigation is-content-justification-center is-nowrap is-layout-flex wp-container-core-navigation-is-layout-34a3ecb2 wp-block-navigation-is-layout-flex\" aria-label=\"Navigation 2\"><ul class=\"wp-block-navigation__container has-small-font-size items-justified-center is-vertical no-wrap wp-block-navigation has-small-font-size\"><ul class=\"has-small-font-size wp-block-page-list\"><li class=\"wp-block-pages-list__item wp-block-navigation-item open-on-hover-click menu-item-home\"><a class=\"wp-block-pages-list__item__link wp-block-navigation-item__content\" href=\"https:\/\/amisof.org\/\">Accueil<\/a><\/li><li class=\"wp-block-pages-list__item wp-block-navigation-item open-on-hover-click\"><a class=\"wp-block-pages-list__item__link wp-block-navigation-item__content\" href=\"https:\/\/amisof.org\/index.php\/appel-a-candidatures\/\">Appel \u00e0 candidatures, dotations 2026<\/a><\/li><li class=\"wp-block-pages-list__item wp-block-navigation-item open-on-hover-click\"><a class=\"wp-block-pages-list__item__link wp-block-navigation-item__content\" href=\"https:\/\/amisof.org\/index.php\/dotations-2025\/\">Dotations<\/a><\/li><li class=\"wp-block-pages-list__item wp-block-navigation-item open-on-hover-click\"><a class=\"wp-block-pages-list__item__link wp-block-navigation-item__content\" href=\"https:\/\/amisof.org\/index.php\/mentions-legales\/\">Mentions l\u00e9gales<\/a><\/li><li class=\"wp-block-pages-list__item wp-block-navigation-item open-on-hover-click\"><a class=\"wp-block-pages-list__item__link wp-block-navigation-item__content\" href=\"https:\/\/amisof.org\/index.php\/qui-sommes-nous\/\">Qui sommes nous ?<\/a><\/li><\/ul><\/ul><\/nav><\/div>\n\n\n\n<div class=\"wp-block-column is-layout-flow wp-block-column-is-layout-flow\">\n<p class=\"has-text-align-center\">Informations l\u00e9gales<\/p>\n\n\n\n<div class=\"wp-block-group is-vertical is-content-justification-center is-layout-flex wp-container-core-group-is-layout-0e868306 wp-block-group-is-layout-flex\">\n<p><a href=\"#\"><span class=\"popup-trigger popmake-190 \" data-popup-id=\"190\" data-do-default=\"0\">Contact<\/span><\/a><\/p>\n<\/div>\n<\/div>\n<\/div>\n<\/div>\n\n\n\n<p><\/p>\n","protected":false},"excerpt":{"rendered":"<p>QUI SOMMES NOUS ? L&rsquo;association AMISOF est \u00e0 la base l&rsquo;\u00e9manation d&rsquo;un projet personnel. Il s&rsquo;est agit pour le fondateur [&hellip;]<\/p>\n","protected":false},"author":1,"featured_media":0,"parent":0,"menu_order":0,"comment_status":"closed","ping_status":"closed","template":"","meta":{"site-sidebar-layout":"default","site-content-layout":"","ast-site-content-layout":"default","site-content-style":"default","site-sidebar-style":"default","ast-global-header-display":"","ast-banner-title-visibility":"","ast-main-header-display":"","ast-hfb-above-header-display":"","ast-hfb-below-header-display":"","ast-hfb-mobile-header-display":"","site-post-title":"disabled","ast-breadcrumbs-content":"","ast-featured-img":"","footer-sml-layout":"","ast-disable-related-posts":"","theme-transparent-header-meta":"","adv-header-id-meta":"","stick-header-meta":"","header-above-stick-meta":"","header-main-stick-meta":"","header-below-stick-meta":"","astra-migrate-meta-layouts":"default","ast-page-background-enabled":"default","ast-page-background-meta":{"desktop":{"background-color":"var(--ast-global-color-4)","background-image":"","background-repeat":"repeat","background-position":"center center","background-size":"auto","background-attachment":"scroll","background-type":"","background-media":"","overlay-type":"","overlay-color":"","overlay-opacity":"","overlay-gradient":""},"tablet":{"background-color":"","background-image":"","background-repeat":"repeat","background-position":"center center","background-size":"auto","background-attachment":"scroll","background-type":"","background-media":"","overlay-type":"","overlay-color":"","overlay-opacity":"","overlay-gradient":""},"mobile":{"background-color":"","background-image":"","background-repeat":"repeat","background-position":"center center","background-size":"auto","background-attachment":"scroll","background-type":"","background-media":"","overlay-type":"","overlay-color":"","overlay-opacity":"","overlay-gradient":""}},"ast-content-background-meta":{"desktop":{"background-color":"var(--ast-global-color-5)","background-image":"","background-repeat":"repeat","background-position":"center center","background-size":"auto","background-attachment":"scroll","background-type":"","background-media":"","overlay-type":"","overlay-color":"","overlay-opacity":"","overlay-gradient":""},"tablet":{"background-color":"var(--ast-global-color-5)","background-image":"","background-repeat":"repeat","background-position":"center center","background-size":"auto","background-attachment":"scroll","background-type":"","background-media":"","overlay-type":"","overlay-color":"","overlay-opacity":"","overlay-gradient":""},"mobile":{"background-color":"var(--ast-global-color-5)","background-image":"","background-repeat":"repeat","background-position":"center center","background-size":"auto","background-attachment":"scroll","background-type":"","background-media":"","overlay-type":"","overlay-color":"","overlay-opacity":"","overlay-gradient":""}},"footnotes":""},"class_list":["post-124","page","type-page","status-publish","hentry"],"aioseo_notices":[],"_links":{"self":[{"href":"https:\/\/amisof.org\/index.php\/wp-json\/wp\/v2\/pages\/124","targetHints":{"allow":["GET"]}}],"collection":[{"href":"https:\/\/amisof.org\/index.php\/wp-json\/wp\/v2\/pages"}],"about":[{"href":"https:\/\/amisof.org\/index.php\/wp-json\/wp\/v2\/types\/page"}],"author":[{"embeddable":true,"href":"https:\/\/amisof.org\/index.php\/wp-json\/wp\/v2\/users\/1"}],"replies":[{"embeddable":true,"href":"https:\/\/amisof.org\/index.php\/wp-json\/wp\/v2\/comments?post=124"}],"version-history":[{"count":12,"href":"https:\/\/amisof.org\/index.php\/wp-json\/wp\/v2\/pages\/124\/revisions"}],"predecessor-version":[{"id":416,"href":"https:\/\/amisof.org\/index.php\/wp-json\/wp\/v2\/pages\/124\/revisions\/416"}],"wp:attachment":[{"href":"https:\/\/amisof.org\/index.php\/wp-json\/wp\/v2\/media?parent=124"}],"curies":[{"name":"wp","href":"https:\/\/api.w.org\/{rel}","templated":true}]}}